{"id":26,"date":"2024-10-14T13:24:36","date_gmt":"2024-10-14T06:24:36","guid":{"rendered":"https:\/\/rw88.pro\/?page_id=26"},"modified":"2025-02-14T18:54:59","modified_gmt":"2025-02-14T11:54:59","slug":"khuyen-mai-rw88","status":"publish","type":"page","link":"https:\/\/rw88.pro\/index.php\/khuyen-mai-rw88\/","title":{"rendered":"Khuy\u1ebfn M\u00e3i RW88"},"content":{"rendered":"\n<h1 class=\"wp-block-heading\">Khuy\u1ebfn M\u00e3i RW88 \u2013 Bi\u1ec3n Th\u01b0\u1edfng V\u00f4 T\u1eadn \u0110ang Ch\u1edd \u0110\u00f3n<\/h1>\n\n\n\n<p>Khi b\u01b0\u1edbc v\u00e0o th\u1ebf gi\u1edbi s\u00f4i \u0111\u1ed9ng c\u1ee7a c\u00e1 c\u01b0\u1ee3c tr\u1ef1c tuy\u1ebfn, m\u1ed9t trong nh\u1eefng \u0111i\u1ec1u khi\u1ebfn tr\u00e1i tim ng\u01b0\u1eddi ch\u01a1i \u0111\u1eadp m\u1ea1nh h\u01a1n bao gi\u1edd h\u1ebft ch\u00ednh l\u00e0 c\u01a1 h\u1ed9i nh\u1eadn nh\u1eefng \u01b0u \u0111\u00e3i \u0111\u1ea7y h\u1ea5p d\u1eabn. V\u00e0 t\u1ea1i <a href=\"https:\/\/rw88.pro\/\"><strong>RW88<\/strong><\/a>, ch\u00fang t\u00f4i hi\u1ec3u r\u1eb1ng vi\u1ec7c t\u1ea1o ra tr\u1ea3i nghi\u1ec7m th\u00fa v\u1ecb v\u00e0 \u0111\u00e1ng nh\u1edb kh\u00f4ng ch\u1ec9 \u0111\u1ebfn t\u1eeb nh\u1eefng tr\u00f2 ch\u01a1i \u0111a d\u1ea1ng m\u00e0 c\u00f2n t\u1eeb s\u1ef1 h\u00e0o ph\u00f3ng v\u00e0 \u0111\u1ed9c \u0111\u00e1o trong c\u00e1c ch\u01b0\u01a1ng tr\u00ecnh khuy\u1ebfn m\u00e3i RW88.<\/p>\n\n\n\n<p>Nh\u1eefng \u01b0u \u0111\u00e3i t\u1ea1i RW88 kh\u00f4ng ch\u1ec9 l\u00e0 m\u00f3n qu\u00e0 d\u00e0nh ri\u00eang cho nh\u1eefng ng\u01b0\u1eddi ch\u01a1i may m\u1eafn, m\u00e0 c\u00f2n l\u00e0 m\u1ed9t ph\u1ea7n kh\u00f4ng th\u1ec3 thi\u1ebfu c\u1ee7a tr\u1ea3i nghi\u1ec7m c\u00e1 c\u01b0\u1ee3c t\u1ea1i \u0111\u00e2y. H\u00e3y c\u00f9ng ch\u00fang t\u00f4i kh\u00e1m ph\u00e1 nh\u1eefng c\u01a1 h\u1ed9i th\u00fa v\u1ecb v\u00e0 l\u1ee3i \u00edch \u0111\u1eb7c bi\u1ec7t m\u00e0 <a href=\"https:\/\/rw88.pro\/khuyen-mai-rw88\/\"><strong>khuy\u1ebfn m\u00e3i RW88<\/strong><\/a> mang l\u1ea1i, \u0111\u1ec3 b\u1ea1n c\u00f3 th\u1ec3 tham gia v\u00e0o cu\u1ed9c ch\u01a1i v\u1edbi s\u1ef1 t\u1ef1 tin v\u00e0 ph\u1ea5n kh\u00edch.<\/p>\n\n\n\n<h2 class=\"wp-block-heading\">Khuy\u1ebfn m\u00e3i RW88 n\u1ea1p \u0111\u1ea7u \u0111\u1eb7c quy\u1ec1n cho th\u00e0nh vi\u00ean m\u1edbi<\/h2>\n\n\n<div class=\"wp-block-image\">\n<figure class=\"aligncenter size-full\"><img loading=\"lazy\" decoding=\"async\" width=\"800\" height=\"500\" src=\"https:\/\/rw88.pro\/wp-content\/uploads\/2024\/10\/khuyen-mai-rw88.jpg\" alt=\"Khuy\u1ebfn m\u00e3i Rw88\" class=\"wp-image-63\" srcset=\"https:\/\/rw88.pro\/wp-content\/uploads\/2024\/10\/khuyen-mai-rw88.jpg 800w, https:\/\/rw88.pro\/wp-content\/uploads\/2024\/10\/khuyen-mai-rw88-300x188.jpg 300w, https:\/\/rw88.pro\/wp-content\/uploads\/2024\/10\/khuyen-mai-rw88-768x480.jpg 768w\" sizes=\"auto, (max-width: 800px) 100vw, 800px\" \/><figcaption class=\"wp-element-caption\">Khuy\u1ebfn m\u00e3i Rw88<\/figcaption><\/figure>\n<\/div>\n\n\n<p>N\u1eafm v\u1eefng c\u01a1 h\u1ed9i, chinh ph\u1ee5c ni\u1ec1m tin, v\u00e0 nh\u1eadn th\u01b0\u1edfng h\u1eadu h\u0129nh v\u1edbi ch\u01b0\u01a1ng tr\u00ecnh khuy\u1ebfn m\u00e3i RW88 N\u1ea1p \u0110\u1ea7u. \u0110\u00e2y l\u00e0 m\u1ed9t trong nh\u1eefng \u01b0u \u0111\u00e3i \u0111\u00e1ng ch\u00fa \u00fd m\u00e0 d\u00e0nh ri\u00eang cho nh\u1eefng ng\u01b0\u1eddi ch\u01a1i m\u1edbi ch\u01b0a t\u1eebng tr\u1ea3i nghi\u1ec7m s\u00e2n ch\u01a1i t\u1ea1i nh\u00e0 c\u00e1i n\u00e0y. H\u00e3y c\u00f9ng t\u00f4i kh\u00e1m ph\u00e1 nh\u1eefng h\u1ea5p d\u1eabn c\u1ee7a ch\u01b0\u01a1ng tr\u00ecnh n\u00e0y v\u00e0 c\u00e1ch b\u1ea1n c\u00f3 th\u1ec3 b\u1eaft \u0111\u1ea7u h\u00e0nh tr\u00ecnh c\u00e1 c\u01b0\u1ee3c c\u1ee7a m\u00ecnh v\u1edbi ch\u00e2n th\u00e0nh v\u00e0 th\u00fa v\u1ecb.<\/p>\n\n\n\n<p>\u0110\u01b0\u1ee3c Khoan D\u00f9ng \u0110\u1eb7c Bi\u1ec7t: Ch\u01b0\u01a1ng tr\u00ecnh khuy\u1ebfn m\u00e3i RW88 N\u1ea1p \u0110\u1ea7u l\u00e0 c\u01a1 h\u1ed9i khoan d\u00f9ng \u0111\u1eb7c bi\u1ec7t cho ng\u01b0\u1eddi ch\u01a1i m\u1edbi. \u0110i\u1ec1u n\u00e0y \u0111\u1ed3ng ngh\u0129a r\u1eb1ng b\u1ea1n s\u1ebd nh\u1eadn \u0111\u01b0\u1ee3c nh\u1eefng \u01b0u \u0111\u00e3i m\u00e0 ng\u01b0\u1eddi ch\u01a1i hi\u1ec7n t\u1ea1i kh\u00f4ng th\u1ec3 tham gia.<\/p>\n\n\n\n<p>Th\u01b0\u1edfng L\u00ean \u0110\u1ebfn: V\u1edbi ch\u01b0\u01a1ng tr\u00ecnh n\u00e0y, b\u1ea1n c\u00f3 th\u1ec3 nh\u1eadn \u0111\u01b0\u1ee3c kho\u1ea3n th\u01b0\u1edfng \u0111\u00e1ng k\u1ec3 khi n\u1ea1p ti\u1ec1n l\u1ea7n \u0111\u1ea7u. Th\u01b0\u1edfng n\u00e0y c\u00f3 th\u1ec3 l\u00e0 ti\u1ec1n m\u1eb7t ho\u1eb7c c\u01b0\u1ee3c mi\u1ec5n ph\u00ed, gi\u00fap b\u1ea1n c\u00f3 nhi\u1ec1u c\u01a1 h\u1ed9i h\u01a1n \u0111\u1ec3 th\u1eed nghi\u1ec7m c\u00e1c tr\u00f2 ch\u01a1i y\u00eau th\u00edch.<\/p>\n\n\n\n<p>C\u00e1ch Nh\u1eadn Th\u01b0\u1edfng D\u1ec5 D\u00e0ng: Quy tr\u00ecnh nh\u1eadn th\u01b0\u1edfng \u0111\u01a1n gi\u1ea3n v\u00e0 d\u1ec5 d\u00e0ng. Sau khi ho\u00e0n t\u1ea5t n\u1ea1p ti\u1ec1n \u0111\u1ea7u ti\u00ean, b\u1ea1n s\u1ebd nh\u1eadn th\u01b0\u1edfng ngay l\u1eadp t\u1ee9c ho\u1eb7c sau m\u1ed9t s\u1ed1 v\u00f2ng c\u01b0\u1ee3c quy \u0111\u1ecbnh.<\/p>\n\n\n\n<p>Th\u1eed Nghi\u1ec7m Tr\u00f2 Ch\u01a1i: V\u1edbi kho\u1ea3n th\u01b0\u1edfng RW88 N\u1ea1p \u0110\u1ea7u, b\u1ea1n c\u00f3 c\u01a1 h\u1ed9i th\u1eed nghi\u1ec7m m\u1ecdi th\u1ee9 \u2013 t\u1eeb c\u00e1c tr\u00f2 c\u00e1 c\u01b0\u1ee3c th\u1ec3 thao \u0111\u1ebfn s\u00f2ng b\u00e0i v\u00e0 x\u1ed5 s\u1ed1. \u0110i\u1ec1u n\u00e0y gi\u00fap b\u1ea1n t\u00ecm ra tr\u00f2 ch\u01a1i ph\u00f9 h\u1ee3p nh\u1ea5t v\u1edbi s\u1edf th\u00edch c\u00e1 nh\u00e2n.<\/p>\n\n\n\n<p>\u0110\u1ea3m B\u1ea3o An To\u00e0n V\u00e0 C\u00f4ng B\u1eb1ng: <a href=\"https:\/\/bancah5.fit\/\" target=\"_blank\" rel=\"noopener\"><strong>Bancah5<\/strong><\/a> cam k\u1ebft \u0111\u1ea3m b\u1ea3o t\u00ednh c\u00f4ng b\u1eb1ng trong ch\u01b0\u01a1ng tr\u00ecnh khuy\u1ebfn m\u00e3i v\u00e0 \u0111\u1ea3m b\u1ea3o r\u1eb1ng b\u1ea1n s\u1ebd nh\u1eadn \u0111\u01b0\u1ee3c nh\u1eefng \u01b0u \u0111\u00e3i m\u1ed9t c\u00e1ch minh b\u1ea1ch v\u00e0 t\u00f4n tr\u1ecdng.<\/p>\n\n\n\n<p>Ch\u01b0\u01a1ng tr\u00ecnh khuy\u1ebfn m\u00e3i RW88 N\u1ea1p \u0110\u1ea7u kh\u00f4ng ch\u1ec9 l\u00e0 c\u01a1 h\u1ed9i \u0111\u1ec3 b\u1ea1n b\u1eaft \u0111\u1ea7u h\u00e0nh tr\u00ecnh c\u00e1 c\u01b0\u1ee3c m\u1ed9t c\u00e1ch \u0111\u1ea7y h\u1ee9ng th\u00fa, m\u00e0 c\u00f2n l\u00e0 m\u1ed9t l\u1eddi ch\u00e0o \u0111\u00f3n ch\u00e2n th\u00e0nh t\u1eeb RW88. \u0110\u1eebng b\u1ecf l\u1ee1 c\u01a1 h\u1ed9i n\u00e0y \u0111\u1ec3 nh\u1eadn th\u01b0\u1edfng v\u00e0 tham gia v\u00e0o th\u1ebf gi\u1edbi s\u00f4i \u0111\u1ed9ng c\u1ee7a c\u00e1 c\u01b0\u1ee3c tr\u1ef1c tuy\u1ebfn.<\/p>\n\n\n\n<h2 class=\"wp-block-heading\">C\u00e1c ch\u01b0\u01a1ng tr\u00ecnh khuy\u1ebfn m\u00e3i RW88 \u0111\u1ed9c \u0111\u00e1o kh\u00e1c<\/h2>\n\n\n\n<p>RW88 kh\u00f4ng ch\u1ec9 d\u1eebng l\u1ea1i \u1edf ch\u01b0\u01a1ng tr\u00ecnh khuy\u1ebfn m\u00e3i N\u1ea1p \u0110\u1ea7u. Ch\u00fang t\u00f4i lu\u00f4n t\u1ea1o ra nhi\u1ec1u c\u01a1 h\u1ed9i th\u00fa v\u1ecb v\u00e0 \u0111\u1ea7y h\u1ea5p d\u1eabn cho ng\u01b0\u1eddi ch\u01a1i tham gia v\u00e0 t\u1eadn h\u01b0\u1edfng tr\u1ea3i nghi\u1ec7m c\u00e1 c\u01b0\u1ee3c t\u1ed1t nh\u1ea5t. H\u00e3y c\u00f9ng ch\u00fang t\u00f4i kh\u00e1m ph\u00e1 nh\u1eefng ch\u01b0\u01a1ng tr\u00ecnh khuy\u1ebfn m\u00e3i RW88 kh\u00e1c, n\u01a1i nh\u1eefng bi\u1ec3n th\u01b0\u1edfng \u0111ang ch\u1edd \u0111\u00f3n b\u1ea1n.<\/p>\n\n\n\n<p>1. Khuy\u1ebfn M\u00e3i Th\u01b0\u1eddng Xuy\u00ean: Ch\u00fang t\u00f4i lu\u00f4n c\u1eadp nh\u1eadt v\u00e0 ra m\u1eaft c\u00e1c ch\u01b0\u01a1ng tr\u00ecnh khuy\u1ebfn m\u00e3i RW88 th\u01b0\u1eddng xuy\u00ean. \u0110i\u1ec1u n\u00e0y bao g\u1ed3m c\u00e1c \u01b0u \u0111\u00e3i h\u00e0ng ng\u00e0y, h\u00e0ng tu\u1ea7n ho\u1eb7c h\u00e0ng th\u00e1ng, gi\u00fap b\u1ea1n lu\u00f4n c\u00f3 c\u01a1 h\u1ed9i \u0111\u1ec3 nh\u1eadn th\u01b0\u1edfng.<\/p>\n\n\n\n<p>2. Th\u01b0\u1edfng T\u1eb7ng Sinh Nh\u1eadt: T\u1ea1i RW88, ch\u00fang t\u00f4i quan t\u00e2m \u0111\u1ebfn ng\u00e0y sinh nh\u1eadt c\u1ee7a b\u1ea1n. \u0110\u00f3 l\u00e0 l\u00fd do t\u1ea1i sao ch\u00fang t\u00f4i th\u01b0\u1eddng c\u00f3 c\u00e1c ch\u01b0\u01a1ng tr\u00ecnh khuy\u1ebfn m\u00e3i \u0111\u1eb7c bi\u1ec7t d\u00e0nh ri\u00eang cho ng\u00e0y n\u00e0y. H\u00e3y \u0111\u1ec3 ch\u00fang t\u00f4i l\u00e0m ng\u00e0y sinh nh\u1eadt c\u1ee7a b\u1ea1n tr\u1edf n\u00ean \u0111\u1eb7c bi\u1ec7t h\u01a1n.<\/p>\n\n\n\n<p>3. Ch\u01b0\u01a1ng Tr\u00ecnh Loyal Club: Loyal Club l\u00e0 n\u01a1i b\u1ea1n c\u00f3 th\u1ec3 tham gia \u0111\u1ec3 nh\u1eadn th\u00eam nhi\u1ec1u \u01b0u \u0111\u00e3i v\u00e0 ph\u1ea7n th\u01b0\u1edfng h\u1ea5p d\u1eabn. V\u1edbi m\u1ee9c \u0111\u1ed9 tham gia kh\u00e1c nhau, b\u1ea1n c\u00f3 th\u1ec3 t\u00edch l\u0169y \u0111i\u1ec3m v\u00e0 \u0111\u1ed5i ch\u00fang th\u00e0nh ti\u1ec1n m\u1eb7t ho\u1eb7c qu\u00e0 t\u1eb7ng.<\/p>\n\n\n\n<p>4. Ch\u01b0\u01a1ng Tr\u00ecnh Th\u01b0\u1edfng VIP: N\u1ebfu b\u1ea1n l\u00e0 m\u1ed9t ng\u01b0\u1eddi ch\u01a1i trung th\u00e0nh v\u00e0 th\u01b0\u1eddng xuy\u00ean, ch\u00fang t\u00f4i c\u00f3 ch\u01b0\u01a1ng tr\u00ecnh th\u01b0\u1edfng VIP d\u00e0nh ri\u00eang cho b\u1ea1n. Nh\u1eefng bi\u1ec3n th\u01b0\u1edfng cao c\u1ea5p v\u00e0 \u0111\u1ed9i ng\u0169 h\u1ed7 tr\u1ee3 ri\u00eang s\u1ebd \u0111\u1ea3m b\u1ea3o b\u1ea1n \u0111\u01b0\u1ee3c \u0111\u1ed1i \u0111\u00e3i \u0111\u1eb7c bi\u1ec7t.<\/p>\n\n\n\n<p>5. Cu\u1ed9c Thi V\u00e0 S\u1ef1 Ki\u1ec7n \u0110\u1eb7c Bi\u1ec7t: RW88 th\u01b0\u1eddng t\u1ed5 ch\u1ee9c c\u00e1c cu\u1ed9c thi v\u00e0 s\u1ef1 ki\u1ec7n \u0111\u1eb7c bi\u1ec7t, gi\u00fap b\u1ea1n c\u1ea1nh tranh v\u00e0 nh\u1eadn nh\u1eefng th\u01b0\u1edfng l\u1edbn.<\/p>\n\n\n\n<p>6. Th\u01b0\u1edfng T\u1eb7ng B\u1ea5t Ng\u1edd: Ch\u00fang t\u00f4i c\u0169ng th\u01b0\u1eddng xuy\u00ean t\u1ed5 ch\u1ee9c c\u00e1c ch\u01b0\u01a1ng tr\u00ecnh khuy\u1ebfn m\u00e3i RW88 b\u1ea5t ng\u1edd, khi\u1ebfn b\u1ea1n kh\u00f4ng bao gi\u1edd bi\u1ebft tr\u01b0\u1edbc b\u1ea1n s\u1ebd nh\u1eadn \u0111\u01b0\u1ee3c g\u00ec. \u0110\u00f3 c\u00f3 th\u1ec3 l\u00e0 c\u01b0\u1ee3c mi\u1ec5n ph\u00ed, ti\u1ec1n m\u1eb7t, ho\u1eb7c qu\u00e0 t\u1eb7ng th\u00fa v\u1ecb.<\/p>\n\n\n\n<p>Ch\u01b0\u01a1ng tr\u00ecnh khuy\u1ebfn m\u00e3i RW88 kh\u00f4ng ng\u1eebng \u0111a d\u1ea1ng v\u00e0 phong ph\u00fa, \u0111\u1ea3m b\u1ea3o r\u1eb1ng b\u1ea1n lu\u00f4n c\u00f3 c\u01a1 h\u1ed9i nh\u1eadn th\u01b0\u1edfng v\u00e0 tr\u1ea3i nghi\u1ec7m nh\u1eefng tr\u1ea3i nghi\u1ec7m th\u00fa v\u1ecb. H\u00e3y th\u01b0\u1eddng xuy\u00ean ki\u1ec3m tra trang web c\u1ee7a ch\u00fang t\u00f4i \u0111\u1ec3 kh\u00f4ng b\u1ecf l\u1ee1 b\u1ea5t k\u1ef3 c\u01a1 h\u1ed9i n\u00e0o.<\/p>\n\n\n\n<h2 class=\"wp-block-heading\">L\u1eddi k\u1ebft<\/h2>\n\n\n\n<p>T\u1ea1i RW88, ch\u00fang t\u00f4i lu\u00f4n kh\u00f4ng ng\u1eebng t\u1ea1o ra nh\u1eefng c\u01a1 h\u1ed9i v\u00e0 bi\u1ec3n th\u01b0\u1edfng th\u00fa v\u1ecb cho ng\u01b0\u1eddi ch\u01a1i. Ch\u01b0\u01a1ng tr\u00ecnh khuy\u1ebfn m\u00e3i RW88 l\u00e0 l\u1eddi tri \u00e2n v\u00e0 cam k\u1ebft v\u1edbi b\u1ea1n \u2013 ng\u01b0\u1eddi ch\u01a1i qu\u00fd b\u00e1u c\u1ee7a ch\u00fang t\u00f4i. Ch\u00fang t\u00f4i hi\u1ec3u r\u1eb1ng kh\u00f4ng ch\u1ec9 s\u1ef1 \u0111a d\u1ea1ng v\u1ec1 tr\u00f2 ch\u01a1i, t\u00ednh an to\u00e0n v\u00e0 t\u00ednh ri\u00eang t\u01b0 l\u00e0 quan tr\u1ecdng, m\u00e0 c\u00f2n s\u1ef1 h\u00e0o ph\u00f3ng v\u00e0 h\u1ee9a h\u1eb9n v\u1ec1 nh\u1eefng bi\u1ec3n th\u01b0\u1edfng \u0111ang ch\u1edd \u0111\u00f3n.<\/p>\n\n\n\n<p>V\u1edbi ch\u01b0\u01a1ng tr\u00ecnh khuy\u1ebfn m\u00e3i RW88, b\u1ea1n c\u00f3 c\u01a1 h\u1ed9i t\u1eadn h\u01b0\u1edfng nhi\u1ec1u th\u01b0\u1edfng l\u1edbn v\u00e0 \u0111\u1eb7c bi\u1ec7t. T\u1eeb khuy\u1ebfn m\u00e3i N\u1ea1p \u0110\u1ea7u \u0111\u1ebfn c\u00e1c \u01b0u \u0111\u00e3i h\u00e0ng ng\u00e0y, h\u00e0ng tu\u1ea7n, hay h\u00e0ng th\u00e1ng, ch\u00fang t\u00f4i lu\u00f4n c\u00f3 \u0111i\u1ec1u g\u00ec \u0111\u00f3 cho m\u1ecdi ng\u01b0\u1eddi. C\u00e1c ch\u01b0\u01a1ng tr\u00ecnh th\u01b0\u1edfng sinh nh\u1eadt, Loyal Club, v\u00e0 th\u01b0\u1edfng VIP c\u0169ng l\u00e0 c\u00e1ch \u0111\u1ec3 ch\u00fang t\u00f4i ch\u0103m s\u00f3c v\u00e0 th\u1ec3 hi\u1ec7n l\u00f2ng bi\u1ebft \u01a1n \u0111\u1ed1i v\u1edbi b\u1ea1n.<\/p>\n","protected":false},"excerpt":{"rendered":"<p>Khuy\u1ebfn M\u00e3i RW88 \u2013 Bi\u1ec3n Th\u01b0\u1edfng V\u00f4 T\u1eadn \u0110ang Ch\u1edd \u0110\u00f3n Khi b\u01b0\u1edbc v\u00e0o th\u1ebf gi\u1edbi s\u00f4i \u0111\u1ed9ng c\u1ee7a c\u00e1 c\u01b0\u1ee3c tr\u1ef1c tuy\u1ebfn, m\u1ed9t trong nh\u1eefng \u0111i\u1ec1u khi\u1ebfn tr\u00e1i tim ng\u01b0\u1eddi ch\u01a1i \u0111\u1eadp m\u1ea1nh h\u01a1n bao gi\u1edd h\u1ebft ch\u00ednh l\u00e0 c\u01a1 h\u1ed9i nh\u1eadn nh\u1eefng \u01b0u \u0111\u00e3i \u0111\u1ea7y h\u1ea5p d\u1eabn. V\u00e0 t\u1ea1i RW88, ch\u00fang t\u00f4i hi\u1ec3u [&#8230;]\n","protected":false},"author":1,"featured_media":63,"parent":0,"menu_order":0,"comment_status":"closed","ping_status":"closed","template":"","meta":{"rank_math_lock_modified_date":false,"footnotes":""},"class_list":["post-26","page","type-page","status-publish","has-post-thumbnail","hentry"],"_links":{"self":[{"href":"https:\/\/rw88.pro\/index.php\/wp-json\/wp\/v2\/pages\/26","targetHints":{"allow":["GET"]}}],"collection":[{"href":"https:\/\/rw88.pro\/index.php\/wp-json\/wp\/v2\/pages"}],"about":[{"href":"https:\/\/rw88.pro\/index.php\/wp-json\/wp\/v2\/types\/page"}],"author":[{"embeddable":true,"href":"https:\/\/rw88.pro\/index.php\/wp-json\/wp\/v2\/users\/1"}],"replies":[{"embeddable":true,"href":"https:\/\/rw88.pro\/index.php\/wp-json\/wp\/v2\/comments?post=26"}],"version-history":[{"count":3,"href":"https:\/\/rw88.pro\/index.php\/wp-json\/wp\/v2\/pages\/26\/revisions"}],"predecessor-version":[{"id":80,"href":"https:\/\/rw88.pro\/index.php\/wp-json\/wp\/v2\/pages\/26\/revisions\/80"}],"wp:featuredmedia":[{"embeddable":true,"href":"https:\/\/rw88.pro\/index.php\/wp-json\/wp\/v2\/media\/63"}],"wp:attachment":[{"href":"https:\/\/rw88.pro\/index.php\/wp-json\/wp\/v2\/media?parent=26"}],"curies":[{"name":"wp","href":"https:\/\/api.w.org\/{rel}","templated":true}]}}