{"id":19,"date":"2024-10-14T13:20:26","date_gmt":"2024-10-14T06:20:26","guid":{"rendered":"https:\/\/rw88.pro\/?page_id=19"},"modified":"2024-10-14T13:50:00","modified_gmt":"2024-10-14T06:50:00","slug":"nap-tien-rw88","status":"publish","type":"page","link":"https:\/\/rw88.pro\/index.php\/nap-tien-rw88\/","title":{"rendered":"N\u1ea1p Ti\u1ec1n RW88"},"content":{"rendered":"\n<h1 class=\"wp-block-heading\">N\u1ea1p Ti\u1ec1n RW88 \u2013 H\u01b0\u1edbng D\u1eabn Chi Ti\u1ebft V\u00e0 An To\u00e0n<\/h1>\n\n\n\n<p><a href=\"https:\/\/rw88.pro\/nap-tien-rw88\/\"><strong>N\u1ea1p ti\u1ec1n RW88<\/strong><\/a> l\u00e0 m\u1ed9t b\u01b0\u1edbc quan tr\u1ecdng, m\u1edf ra c\u00e1nh c\u1eeda cho tr\u1ea3i nghi\u1ec7m th\u00fa v\u1ecb c\u1ee7a b\u1ea1n trong th\u1ebf gi\u1edbi c\u00e1 c\u01b0\u1ee3c tr\u1ef1c tuy\u1ebfn. \u0110i\u1ec1u n\u00e0y kh\u00f4ng ch\u1ec9 gi\u00fap b\u1ea1n tham gia v\u00e0o c\u00e1c tr\u00f2 ch\u01a1i h\u1ea5p d\u1eabn m\u00e0 nh\u00e0 c\u00e1i cung c\u1ea5p, m\u00e0 c\u00f2n t\u1ea1o \u0111i\u1ec1u ki\u1ec7n cho b\u1ea1n tham gia v\u00e0o nh\u1eefng c\u01a1 h\u1ed9i th\u1eafng l\u1edbn v\u00e0 c\u00e1c \u01b0u \u0111\u00e3i \u0111\u1ed9c quy\u1ec1n.<\/p>\n\n\n\n<p>Trong \u0111o\u1ea1n m\u1edf b\u00e0i n\u00e0y, ch\u00fang t\u00f4i s\u1ebd h\u01b0\u1edbng d\u1eabn b\u1ea1n v\u1ec1 qu\u00e1 tr\u00ecnh n\u1ea1p ti\u1ec1n t\u1ea1i <a href=\"https:\/\/rw88.pro\/\"><strong>RW88<\/strong><\/a>, \u0111\u1ec3 b\u1ea1n c\u00f3 th\u1ec3 b\u1eaft \u0111\u1ea7u cu\u1ed9c h\u00e0nh tr\u00ecnh c\u00e1 c\u01b0\u1ee3c c\u1ee7a m\u00ecnh m\u1ed9t c\u00e1ch t\u1ef1 tin v\u00e0 thu\u1eadn l\u1ee3i. H\u00e3y c\u00f9ng kh\u00e1m ph\u00e1 c\u00e1ch n\u1ea1p ti\u1ec1n l\u00e0 m\u1ed9t ph\u1ea7n quan tr\u1ecdng c\u1ee7a vi\u1ec7c t\u1eadn h\u01b0\u1edfng ni\u1ec1m vui c\u00e1 c\u01b0\u1ee3c tr\u1ef1c tuy\u1ebfn t\u1ea1i \u0111\u00e2y.<\/p>\n\n\n\n<h2 class=\"wp-block-heading\">Quy tr\u00ecnh n\u1ea1p ti\u1ec1n RW88 \u0111\u01a1n gi\u1ea3n v\u00e0 ti\u1ec7n l\u1ee3i<\/h2>\n\n\n<div class=\"wp-block-image\">\n<figure class=\"aligncenter size-full\"><img loading=\"lazy\" decoding=\"async\" width=\"800\" height=\"500\" src=\"https:\/\/rw88.pro\/wp-content\/uploads\/2024\/10\/huong-dan-nap-tien-rw88.jpg\" alt=\"H\u01b0\u1edbng d\u1eabn n\u1ea1p ti\u1ec1n Rw88\" class=\"wp-image-61\" srcset=\"https:\/\/rw88.pro\/wp-content\/uploads\/2024\/10\/huong-dan-nap-tien-rw88.jpg 800w, https:\/\/rw88.pro\/wp-content\/uploads\/2024\/10\/huong-dan-nap-tien-rw88-300x188.jpg 300w, https:\/\/rw88.pro\/wp-content\/uploads\/2024\/10\/huong-dan-nap-tien-rw88-768x480.jpg 768w\" sizes=\"auto, (max-width: 800px) 100vw, 800px\" \/><figcaption class=\"wp-element-caption\">H\u01b0\u1edbng d\u1eabn n\u1ea1p ti\u1ec1n Rw88<\/figcaption><\/figure>\n<\/div>\n\n\n<p>N\u1ea1p ti\u1ec1n v\u00e0o t\u00e0i kho\u1ea3n c\u00e1 c\u01b0\u1ee3c t\u1ea1i RW88 kh\u00f4ng ch\u1ec9 \u0111\u01a1n gi\u1ea3n m\u00e0 c\u00f2n quan tr\u1ecdng \u0111\u1ec3 b\u1ea1n c\u00f3 th\u1ec3 tham gia v\u00e0o c\u00e1c tr\u00f2 ch\u01a1i th\u00fa v\u1ecb v\u00e0 t\u1eadn h\u01b0\u1edfng c\u00e1c c\u01a1 h\u1ed9i th\u1eafng l\u1edbn. H\u00e3y c\u00f9ng t\u00ecm hi\u1ec3u quy tr\u00ecnh n\u1ea1p ti\u1ec1n RW88 \u0111\u1ec3 b\u1ea1n c\u00f3 tr\u1ea3i nghi\u1ec7m d\u1ec5 d\u00e0ng v\u00e0 an to\u00e0n.<\/p>\n\n\n\n<p>B\u01b0\u1edbc 1: \u0110\u0103ng Nh\u1eadp V\u00e0o RW88 B\u1eb1ng Link Ch\u00ednh Th\u1ed1ng<\/p>\n\n\n\n<p>Tr\u01b0\u1edbc ti\u00ean, h\u00e3y \u0111\u0103ng nh\u1eadp v\u00e0o t\u00e0i kho\u1ea3n RW88 c\u1ee7a b\u1ea1n b\u1eb1ng th\u00f4ng tin \u0111\u0103ng nh\u1eadp c\u00e1 nh\u00e2n. N\u1ebfu b\u1ea1n ch\u01b0a c\u00f3 t\u00e0i kho\u1ea3n, h\u00e3y \u0111\u0103ng k\u00fd m\u1ed9t t\u00e0i kho\u1ea3n m\u1edbi theo h\u01b0\u1edbng d\u1eabn tr\u00ean trang ch\u1ee7 c\u1ee7a RW88.<\/p>\n\n\n\n<p>B\u01b0\u1edbc 2: Nhi\u1ec1u Ph\u01b0\u01a1ng Th\u1ee9c Thanh To\u00e1n \u0110\u1ec3 L\u1ef1a Ch\u1ecdn<\/p>\n\n\n\n<p>Sau khi \u0111\u0103ng nh\u1eadp, b\u1ea1n s\u1ebd \u0111\u01b0\u1ee3c \u0111\u01b0a v\u00e0o giao di\u1ec7n t\u00e0i kho\u1ea3n c\u00e1 nh\u00e2n. T\u1ea1i \u0111\u00e2y, b\u1ea1n c\u00f3 th\u1ec3 ch\u1ecdn ph\u01b0\u01a1ng th\u1ee9c thanh to\u00e1n m\u00e0 b\u1ea1n mu\u1ed1n s\u1eed d\u1ee5ng \u0111\u1ec3 n\u1ea1p ti\u1ec1n. RW88 h\u1ed7 tr\u1ee3 nhi\u1ec1u ph\u01b0\u01a1ng th\u1ee9c thanh to\u00e1n, bao g\u1ed3m chuy\u1ec3n kho\u1ea3n ng\u00e2n h\u00e0ng, th\u1ebb t\u00edn d\u1ee5ng, v\u00ed \u0111i\u1ec7n t\u1eed, v\u00e0 nhi\u1ec1u l\u1ef1a ch\u1ecdn kh\u00e1c.<\/p>\n\n\n\n<p>B\u01b0\u1edbc 3: Nh\u1eadp S\u1ed1 Ti\u1ec1n C\u1ea7n N\u1ea1p<\/p>\n\n\n\n<p>Khi anh em \u0111\u00e3 ch\u1ecdn ph\u01b0\u01a1ng th\u1ee9c thanh to\u00e1n cho ri\u00eang m\u00ecnh, h\u00e3y \u0111i\u1ec1n s\u1ed1 ti\u1ec1n m\u1ecdi ng\u01b0\u1eddi mu\u1ed1n n\u1ea1p v\u00e0o t\u00e0i kho\u1ea3n. \u0110\u1ea3m b\u1ea3o r\u1eb1ng b\u1ea1n \u0111\u00e3 ki\u1ec3m tra gi\u1edbi h\u1ea1n t\u1ed1i thi\u1ec3u v\u00e0 t\u1ed1i \u0111a cho m\u1ed7i giao d\u1ecbch.<\/p>\n\n\n\n<p>B\u01b0\u1edbc 4: X\u00e1c Nh\u1eadn Thanh To\u00e1n<\/p>\n\n\n\n<p>Sau khi b\u1ea1n \u0111\u00e3 nh\u1eadp s\u1ed1 ti\u1ec1n c\u1ea7n n\u1ea1p, h\u00e3y x\u00e1c nh\u1eadn thanh to\u00e1n. B\u1ea1n c\u00f3 th\u1ec3 c\u1ea7n cung c\u1ea5p th\u00eam th\u00f4ng tin li\u00ean quan \u0111\u1ebfn ph\u01b0\u01a1ng th\u1ee9c thanh to\u00e1n b\u1ea1n ch\u1ecdn, v\u00ed d\u1ee5 nh\u01b0 s\u1ed1 th\u1ebb t\u00edn d\u1ee5ng ho\u1eb7c t\u00e0i kho\u1ea3n ng\u00e2n h\u00e0ng.<\/p>\n\n\n\n<p>B\u01b0\u1edbc 5: Ho\u00e0n T\u1ea5t Giao D\u1ecbch<\/p>\n\n\n\n<p>Sau khi m\u1ecdi ng\u01b0\u1eddi \u0111\u00e3 x\u00e1c nh\u1eadn giao d\u1ecbch tr\u00ean, s\u1ed1 d\u01b0 s\u1ebd \u0111\u01b0\u1ee3c n\u1ea1p v\u00e0o t\u00e0i kho\u1ea3n RW88 c\u1ee7a b\u1ea1n. Qu\u00e1 tr\u00ecnh n\u00e0y th\u01b0\u1eddng ch\u1ec9 m\u1ea5t v\u00e0i ph\u00fat l\u00e0 s\u1ebd c\u1eadp nh\u1eadt trong t\u00e0i kho\u1ea3n. Anh em c\u00f3 th\u1ec3 ki\u1ec3m tra l\u1ea1i l\u1ecbch s\u1eed v\u00e0 t\u00e0i kho\u1ea3n game c\u1ee7a m\u00ecnh \u0111\u1ec3 \u0111\u1ea3m b\u1ea3o l\u00e0 giao d\u1ecbch \u0111\u00e3 ho\u00e0n th\u00e0nh.<\/p>\n\n\n\n<p>N\u1ea1p ti\u1ec1n RW88 l\u00e0 m\u1ed9t quy tr\u00ecnh \u0111\u01a1n gi\u1ea3n v\u00e0 an to\u00e0n, \u0111\u1ea3m b\u1ea3o r\u1eb1ng b\u1ea1n s\u1ebd s\u1eb5n s\u00e0ng tham gia v\u00e0o cu\u1ed9c h\u00e0nh tr\u00ecnh c\u00e1 c\u01b0\u1ee3c c\u1ee7a m\u00ecnh v\u1edbi t\u1ef1 tin. RW88 cam k\u1ebft b\u1ea3o m\u1eadt th\u00f4ng tin t\u00e0i kho\u1ea3n c\u1ee7a b\u1ea1n v\u00e0 \u0111\u1ea3m b\u1ea3o t\u00ednh minh b\u1ea1ch trong m\u1ecdi giao d\u1ecbch.<\/p>\n\n\n\n<h2 class=\"wp-block-heading\">Nguy\u00ean t\u1eafc v\u00e0 quy \u0111\u1ecbnh n\u1ea1p ti\u1ec1n RW88 an to\u00e0n, tin c\u1eady<\/h2>\n\n\n\n<p>Ch\u00fang t\u00f4i cam k\u1ebft \u0111\u1ea3m b\u1ea3o qu\u00e1 tr\u00ecnh n\u1ea1p ti\u1ec1n RW88 l\u00e0 m\u1ed9t ph\u1ea7n quan tr\u1ecdng v\u00e0 \u0111\u00e1ng tin c\u1eady trong tr\u1ea3i nghi\u1ec7m c\u00e1 c\u01b0\u1ee3c c\u1ee7a b\u1ea1n. D\u01b0\u1edbi \u0111\u00e2y l\u00e0 m\u1ed9t s\u1ed1 nguy\u00ean t\u1eafc v\u00e0 quy \u0111\u1ecbnh quan tr\u1ecdng m\u00e0 b\u1ea1n n\u00ean tu\u00e2n theo khi n\u1ea1p ti\u1ec1n RW88.<\/p>\n\n\n\n<p>1. S\u1eed D\u1ee5ng Ph\u01b0\u01a1ng Th\u1ee9c Thanh To\u00e1n Ch\u00ednh Th\u1ed1ng<\/p>\n\n\n\n<p>H\u00e3y s\u1eed d\u1ee5ng c\u00e1c ph\u01b0\u01a1ng th\u1ee9c thanh to\u00e1n ch\u00ednh th\u1ed1ng v\u00e0 \u0111\u01b0\u1ee3c c\u00f4ng nh\u1eadn \u0111\u1ec3 n\u1ea1p ti\u1ec1n v\u00e0o t\u00e0i kho\u1ea3n c\u1ee7a b\u1ea1n t\u1ea1i RW88. \u0110i\u1ec1u n\u00e0y bao g\u1ed3m th\u1ebb t\u00edn d\u1ee5ng, chuy\u1ec3n kho\u1ea3n ng\u00e2n h\u00e0ng, v\u00ed \u0111i\u1ec7n t\u1eed, v\u00e0 c\u00e1c t\u00f9y ch\u1ecdn thanh to\u00e1n ph\u1ed5 bi\u1ebfn kh\u00e1c. Tr\u00e1nh s\u1eed d\u1ee5ng c\u00e1c ph\u01b0\u01a1ng th\u1ee9c thanh to\u00e1n kh\u00f4ng \u0111\u01b0\u1ee3c RW88 ch\u1ea5p nh\u1eadn ho\u1eb7c t\u1eeb c\u00e1c ngu\u1ed3n kh\u00f4ng r\u00f5 r\u00e0ng.<\/p>\n\n\n\n<p>2. Cung C\u1ea5p C\u00e1c Th\u00f4ng Tin \u0110\u00fang V\u00e0 Ch\u00ednh X\u00e1c<\/p>\n\n\n\n<p>Khi b\u1ea1n th\u1ef1c hi\u1ec7n quy tr\u00ecnh n\u1ea1p ti\u1ec1n RW88, h\u00e3y \u0111\u1ea3m b\u1ea3o r\u1eb1ng b\u1ea1n \u0111\u00e3 nh\u1eadp th\u00f4ng tin li\u00ean quan \u0111\u00fang ch\u00ednh x\u00e1c. \u0110i\u1ec1u n\u00e0y \u0111\u1eb7c bi\u1ec7t quan tr\u1ecdng khi b\u1ea1n s\u1eed d\u1ee5ng th\u1ebb t\u00edn d\u1ee5ng ho\u1eb7c chuy\u1ec3n kho\u1ea3n ng\u00e2n h\u00e0ng.<\/p>\n\n\n\n<p>3. X\u00e1c Minh T\u00e0i Kho\u1ea3n<\/p>\n\n\n\n<p>RW88 c\u00f3 th\u1ec3 y\u00eau c\u1ea7u b\u1ea1n x\u00e1c minh t\u00e0i kho\u1ea3n tr\u01b0\u1edbc khi n\u1ea1p ti\u1ec1n ho\u1eb7c th\u1ef1c hi\u1ec7n c\u00e1c giao d\u1ecbch l\u1edbn h\u01a1n. \u0110i\u1ec1u n\u00e0y \u0111\u1ea3m b\u1ea3o t\u00ednh b\u1ea3o m\u1eadt c\u1ee7a t\u00e0i kho\u1ea3n v\u00e0 ng\u0103n ch\u1eb7n gian l\u1eadn ho\u1eb7c s\u1eed d\u1ee5ng tr\u00e1i ph\u00e9p.<\/p>\n\n\n\n<p>4. Tu\u00e2n Th\u1ee7 Gi\u1edbi H\u1ea1n Thanh To\u00e1n<\/p>\n\n\n\n<p>H\u00e3y tu\u00e2n th\u1ee7 gi\u1edbi h\u1ea1n t\u1ed1i thi\u1ec3u v\u00e0 t\u1ed1i \u0111a cho m\u1ed7i giao d\u1ecbch n\u1ea1p ti\u1ec1n RW88. \u0110i\u1ec1u n\u00e0y gi\u00fap b\u1ea1n qu\u1ea3n l\u00fd t\u00e0i ch\u00ednh c\u00e1 nh\u00e2n m\u1ed9t c\u00e1ch hi\u1ec7u qu\u1ea3 v\u00e0 tr\u00e1nh r\u1ee7i ro t\u00e0i ch\u00ednh.<\/p>\n\n\n\n<p>5. B\u1ea3o M\u1eadt Th\u00f4ng Tin C\u00e1 Nh\u00e2n<\/p>\n\n\n\n<p>B\u1ea3o v\u1ec7 th\u00f4ng tin c\u00e1 nh\u00e2n v\u00e0 t\u00e0i kho\u1ea3n c\u1ee7a b\u1ea1n b\u1eb1ng c\u00e1ch kh\u00f4ng ti\u1ebft l\u1ed9 th\u00f4ng tin \u0111\u0103ng nh\u1eadp v\u00e0 m\u1eadt kh\u1ea9u cho ng\u01b0\u1eddi kh\u00e1c. RW88 kh\u00f4ng bao gi\u1edd y\u00eau c\u1ea7u b\u1ea1n cung c\u1ea5p th\u00f4ng tin n\u00e0y qua email ho\u1eb7c tin nh\u1eafn.<\/p>\n\n\n\n<p>6. Ki\u1ec3m Tra Giao D\u1ecbch<\/p>\n\n\n\n<p>Lu\u00f4n ki\u1ec3m tra s\u1ed1 d\u01b0 t\u00e0i kho\u1ea3n sau m\u1ed7i giao d\u1ecbch n\u1ea1p ti\u1ec1n \u0111\u1ec3 \u0111\u1ea3m b\u1ea3o r\u1eb1ng ti\u1ec1n \u0111\u00e3 \u0111\u01b0\u1ee3c n\u1ea1p th\u00e0nh c\u00f4ng v\u00e0 s\u1ed1 d\u01b0 t\u00e0i kho\u1ea3n l\u00e0 ch\u00ednh x\u00e1c.<\/p>\n\n\n\n<p>7. H\u1ed7 Tr\u1ee3 Kh\u00e1ch H\u00e0ng<\/p>\n\n\n\n<p>Trong qu\u00e1 tr\u00ecnh n\u1ea1p ti\u1ec1n RW88 n\u1ebfu c\u00f3 b\u1ea5t k\u1ef3 tr\u1ee5c tr\u1eb7c ho\u1eb7c v\u1ea5n \u0111\u1ec1 g\u00ec li\u00ean quan, h\u00e3y li\u00ean h\u1ec7 v\u1edbi d\u1ecbch v\u1ee5 h\u1ed7 tr\u1ee3 kh\u00e1ch h\u00e0ng c\u1ee7a ch\u00fang t\u00f4i \u0111\u1ec3 \u0111\u01b0\u1ee3c gi\u00fap \u0111\u1ee1.<\/p>\n\n\n\n<p>Tu\u00e2n th\u1ee7 c\u00e1c nguy\u00ean t\u1eafc v\u00e0 quy \u0111\u1ecbnh n\u00e0y khi n\u1ea1p ti\u1ec1n RW88 s\u1ebd gi\u00fap b\u1ea1n duy tr\u00ec t\u00ednh an to\u00e0n, minh b\u1ea1ch v\u00e0 tin c\u1eady trong tr\u1ea3i nghi\u1ec7m c\u00e1 c\u01b0\u1ee3c tr\u1ef1c tuy\u1ebfn c\u1ee7a b\u1ea1n. RW88 lu\u00f4n \u01b0u ti\u00ean b\u1ea3o v\u1ec7 th\u00f4ng tin c\u1ee7a ng\u01b0\u1eddi ch\u01a1i v\u00e0 \u0111\u1ea3m b\u1ea3o m\u00f4i tr\u01b0\u1eddng an to\u00e0n \u0111\u1ec3 tham gia v\u00e0o c\u00e1c ho\u1ea1t \u0111\u1ed9ng c\u00e1 c\u01b0\u1ee3c.<\/p>\n\n\n\n<h2 class=\"wp-block-heading\">L\u1eddi k\u1ebft<\/h2>\n\n\n\n<p>Qu\u00e1 tr\u00ecnh n\u1ea1p ti\u1ec1n RW88 kh\u00f4ng ch\u1ec9 \u0111\u01a1n gi\u1ea3n, m\u00e0 c\u00f2n \u0111\u00e1ng tin c\u1eady v\u00e0 an to\u00e0n, gi\u00fap b\u1ea1n tr\u1ea3i nghi\u1ec7m c\u00e1c tr\u00f2 ch\u01a1i c\u00e1 c\u01b0\u1ee3c v\u1edbi s\u1ef1 t\u1ef1 tin v\u00e0 ni\u1ec1m vui kh\u00f4ng gi\u1edbi h\u1ea1n. \u0110\u1ec3 c\u00f3 tr\u1ea3i nghi\u1ec7m t\u1ed1t nh\u1ea5t, h\u00e3y lu\u00f4n tu\u00e2n th\u1ee7 c\u00e1c nguy\u00ean t\u1eafc v\u00e0 quy \u0111\u1ecbnh v\u1ec1 qu\u00e1 tr\u00ecnh n\u1ea1p ti\u1ec1n, \u0111\u1ea3m b\u1ea3o r\u1eb1ng b\u1ea1n \u0111ang th\u1ef1c hi\u1ec7n m\u1ecdi giao d\u1ecbch m\u1ed9t c\u00e1ch ch\u00ednh x\u00e1c v\u00e0 an to\u00e0n.<\/p>\n","protected":false},"excerpt":{"rendered":"<p>N\u1ea1p Ti\u1ec1n RW88 \u2013 H\u01b0\u1edbng D\u1eabn Chi Ti\u1ebft V\u00e0 An To\u00e0n N\u1ea1p ti\u1ec1n RW88 l\u00e0 m\u1ed9t b\u01b0\u1edbc quan tr\u1ecdng, m\u1edf ra c\u00e1nh c\u1eeda cho tr\u1ea3i nghi\u1ec7m th\u00fa v\u1ecb c\u1ee7a b\u1ea1n trong th\u1ebf gi\u1edbi c\u00e1 c\u01b0\u1ee3c tr\u1ef1c tuy\u1ebfn. \u0110i\u1ec1u n\u00e0y kh\u00f4ng ch\u1ec9 gi\u00fap b\u1ea1n tham gia v\u00e0o c\u00e1c tr\u00f2 ch\u01a1i h\u1ea5p d\u1eabn m\u00e0 nh\u00e0 c\u00e1i cung [&#8230;]\n","protected":false},"author":1,"featured_media":61,"parent":0,"menu_order":0,"comment_status":"closed","ping_status":"closed","template":"","meta":{"rank_math_lock_modified_date":false,"footnotes":""},"class_list":["post-19","page","type-page","status-publish","has-post-thumbnail","hentry"],"_links":{"self":[{"href":"https:\/\/rw88.pro\/index.php\/wp-json\/wp\/v2\/pages\/19","targetHints":{"allow":["GET"]}}],"collection":[{"href":"https:\/\/rw88.pro\/index.php\/wp-json\/wp\/v2\/pages"}],"about":[{"href":"https:\/\/rw88.pro\/index.php\/wp-json\/wp\/v2\/types\/page"}],"author":[{"embeddable":true,"href":"https:\/\/rw88.pro\/index.php\/wp-json\/wp\/v2\/users\/1"}],"replies":[{"embeddable":true,"href":"https:\/\/rw88.pro\/index.php\/wp-json\/wp\/v2\/comments?post=19"}],"version-history":[{"count":2,"href":"https:\/\/rw88.pro\/index.php\/wp-json\/wp\/v2\/pages\/19\/revisions"}],"predecessor-version":[{"id":68,"href":"https:\/\/rw88.pro\/index.php\/wp-json\/wp\/v2\/pages\/19\/revisions\/68"}],"wp:featuredmedia":[{"embeddable":true,"href":"https:\/\/rw88.pro\/index.php\/wp-json\/wp\/v2\/media\/61"}],"wp:attachment":[{"href":"https:\/\/rw88.pro\/index.php\/wp-json\/wp\/v2\/media?parent=19"}],"curies":[{"name":"wp","href":"https:\/\/api.w.org\/{rel}","templated":true}]}}