{"id":16,"date":"2024-10-14T13:18:48","date_gmt":"2024-10-14T06:18:48","guid":{"rendered":"https:\/\/rw88.pro\/?page_id=16"},"modified":"2024-10-14T13:50:39","modified_gmt":"2024-10-14T06:50:39","slug":"tai-rw88","status":"publish","type":"page","link":"https:\/\/rw88.pro\/index.php\/tai-rw88\/","title":{"rendered":"T\u1ea3i RW88"},"content":{"rendered":"\n<h1 class=\"wp-block-heading\">T\u1ea3i RW88 \u2013 Th\u00eam Nhi\u1ec1u L\u1ef1a Ch\u1ecdn \u0110\u1ec3 Tr\u1ea3i Nghi\u1ec7m C\u00e1 C\u01b0\u1ee3c<\/h1>\n\n\n\n<p>Trong th\u1eddi \u0111\u1ea1i k\u1ef9 thu\u1eadt s\u1ed1, vi\u1ec7c tham gia v\u00e0o tr\u1ea3i nghi\u1ec7m c\u00e1 c\u01b0\u1ee3c tr\u1ef1c tuy\u1ebfn kh\u00f4ng c\u00f2n ch\u1ec9 gi\u1edbi h\u1ea1n \u1edf vi\u1ec7c truy c\u1eadp t\u1eeb m\u00e1y t\u00ednh. Ng\u00e0y nay, b\u1ea1n c\u00f3 th\u1ec3 t\u1eadn h\u01b0\u1edfng c\u00e1c tr\u00f2 ch\u01a1i v\u00e0 c\u00e1 c\u01b0\u1ee3c t\u1eeb thi\u1ebft b\u1ecb di \u0111\u1ed9ng c\u1ee7a m\u00ecnh, m\u1ecdi l\u00fac, m\u1ecdi n\u01a1i. \u0110i\u1ec1u n\u00e0y tr\u1edf n\u00ean d\u1ec5 d\u00e0ng h\u01a1n bao gi\u1edd h\u1ebft v\u1edbi \u1ee9ng d\u1ee5ng t\u1ea3i <a href=\"https:\/\/rw88.pro\/\"><strong>RW88<\/strong><\/a>.<\/p>\n\n\n\n<p>\u1ee8ng d\u1ee5ng RW88 \u0111\u00e3 \u0111\u01b0\u1ee3c ph\u00e1t tri\u1ec3n \u0111\u1ec3 mang \u0111\u1ebfn s\u1ef1 ti\u1ec7n l\u1ee3i v\u00e0 linh ho\u1ea1t cho ng\u01b0\u1eddi ch\u01a1i. B\u1ea1n kh\u00f4ng c\u1ea7n ph\u1ea3i d\u1ef1a v\u00e0o m\u00e1y t\u00ednh \u0111\u1ec3 tr\u1ea3i nghi\u1ec7m nh\u1eefng tr\u00f2 ch\u01a1i \u0111a d\u1ea1ng, c\u0169ng nh\u01b0 tham gia v\u00e0o c\u00e1c s\u1ef1 ki\u1ec7n c\u00e1 c\u01b0\u1ee3c th\u00fa v\u1ecb. H\u00e3y c\u00f9ng ch\u00fang t\u00f4i kh\u00e1m ph\u00e1 c\u00e1ch <a href=\"https:\/\/rw88.pro\/tai-rw88\/\"><strong>t\u1ea3i RW88<\/strong><\/a> v\u00e0 c\u00e0i \u0111\u1eb7t \u1ee9ng d\u1ee5ng tr\u00ean thi\u1ebft b\u1ecb di \u0111\u1ed9ng c\u1ee7a b\u1ea1n v\u00e0 b\u1eaft \u0111\u1ea7u h\u00e0nh tr\u00ecnh c\u00e1 c\u01b0\u1ee3c tr\u1ef1c tuy\u1ebfn t\u1ea1i \u0111\u00e2y.<\/p>\n\n\n\n<h2 class=\"wp-block-heading\">Quy tr\u00ecnh t\u1ea3i RW88 v\u1ec1 di \u0111\u1ed9ng ti\u1ec7n l\u1ee3i<\/h2>\n\n\n<div class=\"wp-block-image\">\n<figure class=\"aligncenter size-full\"><img loading=\"lazy\" decoding=\"async\" width=\"800\" height=\"500\" src=\"https:\/\/rw88.pro\/wp-content\/uploads\/2024\/10\/huong-dan-tai-rw88.jpg\" alt=\"H\u01b0\u1edbng d\u1eabn t\u1ea3i Rw88\" class=\"wp-image-60\" srcset=\"https:\/\/rw88.pro\/wp-content\/uploads\/2024\/10\/huong-dan-tai-rw88.jpg 800w, https:\/\/rw88.pro\/wp-content\/uploads\/2024\/10\/huong-dan-tai-rw88-300x188.jpg 300w, https:\/\/rw88.pro\/wp-content\/uploads\/2024\/10\/huong-dan-tai-rw88-768x480.jpg 768w\" sizes=\"auto, (max-width: 800px) 100vw, 800px\" \/><figcaption class=\"wp-element-caption\">H\u01b0\u1edbng d\u1eabn t\u1ea3i Rw88<\/figcaption><\/figure>\n<\/div>\n\n\n<p>V\u1edbi \u1ee9ng d\u1ee5ng RW88, b\u1ea1n c\u00f3 kh\u1ea3 n\u0103ng tr\u1ea3i nghi\u1ec7m th\u1ebf gi\u1edbi c\u00e1 c\u01b0\u1ee3c tr\u1ef1c tuy\u1ebfn m\u1ed9t c\u00e1ch \u0111\u01a1n gi\u1ea3n v\u00e0 thu\u1eadn l\u1ee3i tr\u00ean thi\u1ebft b\u1ecb di \u0111\u1ed9ng c\u1ee7a m\u00ecnh. D\u01b0\u1edbi \u0111\u00e2y l\u00e0 h\u01b0\u1edbng d\u1eabn chi ti\u1ebft v\u1ec1 c\u00e1ch t\u1ea3i RW88 m\u1ed9t c\u00e1ch \u0111\u01a1n gi\u1ea3n, \u0111\u1ea3m b\u1ea3o b\u1ea1n kh\u00f4ng g\u1eb7p s\u1ef1 tr\u00f9ng l\u1eb7p trong qu\u00e1 tr\u00ecnh n\u00e0y.<\/p>\n\n\n\n<p>B\u01b0\u1edbc 1: Truy C\u1eadp Trang Ch\u00ednh Th\u1ee9c RW88<\/p>\n\n\n\n<p>Tr\u01b0\u1edbc ti\u00ean, h\u00e3y m\u1edf tr\u00ecnh duy\u1ec7t tr\u00ean thi\u1ebft b\u1ecb di \u0111\u1ed9ng v\u00e0 truy c\u1eadp trang ch\u00ednh th\u1ee9c c\u1ee7a RW88. Trang web s\u1ebd cung c\u1ea5p th\u00f4ng tin c\u01a1 b\u1ea3n v\u1ec1 nh\u00e0 c\u00e1i v\u00e0 c\u00e1c tr\u00f2 ch\u01a1i c\u00f3 s\u1eb5n.<\/p>\n\n\n\n<p>B\u01b0\u1edbc 2: Ch\u1ecdn Phi\u00ean B\u1ea3n \u1ee8ng D\u1ee5ng<\/p>\n\n\n\n<p>Tr\u00ean trang ch\u00ednh c\u1ee7a RW88, b\u1ea1n s\u1ebd th\u1ea5y c\u00e1c bi\u1ec3u t\u01b0\u1ee3ng ho\u1eb7c li\u00ean k\u1ebft t\u1ea3i \u1ee9ng d\u1ee5ng di \u0111\u1ed9ng. H\u00e3y ch\u1ecdn phi\u00ean b\u1ea3n \u1ee9ng d\u1ee5ng d\u00e0nh cho h\u1ec7 \u0111i\u1ec1u h\u00e0nh c\u1ee7a thi\u1ebft b\u1ecb c\u1ee7a b\u1ea1n, c\u00f3 th\u1ec3 l\u00e0 Android ho\u1eb7c iOS.<\/p>\n\n\n\n<p>B\u01b0\u1edbc 3: T\u1ea3i \u1ee8ng D\u1ee5ng<\/p>\n\n\n\n<p>Sau khi ch\u1ecdn phi\u00ean b\u1ea3n \u1ee9ng d\u1ee5ng t\u01b0\u01a1ng \u1ee9ng v\u1edbi thi\u1ebft b\u1ecb c\u1ee7a b\u1ea1n, b\u1ea1n s\u1ebd \u0111\u01b0\u1ee3c \u0111\u01b0a \u0111\u1ebfn trang t\u1ea3i. H\u00e3y nh\u1ea5p v\u00e0o n\u00fat \u201cT\u1ea3i v\u1ec1\u201d \u0111\u1ec3 b\u1eaft \u0111\u1ea7u qu\u00e1 tr\u00ecnh t\u1ea3i RW88 \u1ee9ng d\u1ee5ng l\u00ean thi\u1ebft b\u1ecb.<\/p>\n\n\n\n<p>B\u01b0\u1edbc 4: C\u00e0i \u0110\u1eb7t \u1ee8ng D\u1ee5ng<\/p>\n\n\n\n<p>Khi qu\u00e1 tr\u00ecnh t\u1ea3i RW88 ho\u00e0n t\u1ea5t, b\u1ea1n s\u1ebd nh\u1eadn th\u00f4ng b\u00e1o. H\u00e3y m\u1edf t\u1ec7p t\u1ea3i v\u1ec1 v\u00e0 l\u00e0m theo h\u01b0\u1edbng d\u1eabn \u0111\u1ec3 c\u00e0i \u0111\u1eb7t \u1ee9ng d\u1ee5ng RW88 tr\u00ean thi\u1ebft b\u1ecb c\u1ee7a b\u1ea1n.<\/p>\n\n\n\n<p>B\u01b0\u1edbc 5: \u0110\u0103ng Nh\u1eadp V\u00e0 B\u1eaft \u0110\u1ea7u<\/p>\n\n\n\n<p>Sau khi c\u00e0i \u0111\u1eb7t ho\u00e0n t\u1ea5t, h\u00e3y m\u1edf \u1ee9ng d\u1ee5ng RW88. \u0110\u0103ng nh\u1eadp b\u1eb1ng t\u00e0i kho\u1ea3n c\u1ee7a b\u1ea1n ho\u1eb7c th\u1ef1c hi\u1ec7n quy tr\u00ecnh \u0111\u0103ng k\u00fd n\u1ebfu b\u1ea1n ch\u01b0a c\u00f3 t\u00e0i kho\u1ea3n. B\u00e2y gi\u1edd, b\u1ea1n \u0111\u00e3 s\u1eb5n s\u00e0ng tham gia v\u00e0o th\u1ebf gi\u1edbi c\u00e1 c\u01b0\u1ee3c tr\u1ef1c tuy\u1ebfn t\u1ea1i RW88.<\/p>\n\n\n\n<p>L\u01b0u \u00fd r\u1eb1ng b\u1ea1n c\u1ea7n c\u00f3 k\u1ebft n\u1ed1i internet \u1ed5n \u0111\u1ecbnh \u0111\u1ec3 t\u1ea3i v\u00e0 s\u1eed d\u1ee5ng \u1ee9ng d\u1ee5ng m\u1ed9t c\u00e1ch thu\u1eadn l\u1ee3i. D\u01b0\u1edbi s\u1ef1 h\u01b0\u1edbng d\u1eabn chi ti\u1ebft n\u00e0y, b\u1ea1n c\u00f3 th\u1ec3 t\u1ea3i RW88 \u1ee9ng d\u1ee5ng m\u1ed9t c\u00e1ch \u0111\u01a1n gi\u1ea3n v\u00e0 b\u1eaft \u0111\u1ea7u h\u00e0nh tr\u00ecnh c\u00e1 c\u01b0\u1ee3c d\u1ec5 d\u00e0ng v\u00e0 ti\u1ec7n l\u1ee3i.<\/p>\n\n\n\n<h2 class=\"wp-block-heading\">Nh\u1eefng l\u01b0u \u00fd c\u1ea7n bi\u1ebft khi t\u1ea3i RW88<\/h2>\n\n\n\n<p>Khi b\u1ea1n quy\u1ebft \u0111\u1ecbnh t\u1ea3i \u1ee9ng d\u1ee5ng RW88 \u0111\u1ec3 tr\u1ea3i nghi\u1ec7m th\u1ebf gi\u1edbi c\u00e1 c\u01b0\u1ee3c tr\u1ef1c tuy\u1ebfn, h\u00e3y ch\u1eafc ch\u1eafn r\u1eb1ng b\u1ea1n tu\u00e2n th\u1ee7 nh\u1eefng l\u01b0u \u00fd quan tr\u1ecdng d\u01b0\u1edbi \u0111\u00e2y \u0111\u1ec3 \u0111\u1ea3m b\u1ea3o tr\u1ea3i nghi\u1ec7m c\u1ee7a m\u00ecnh l\u00e0 an to\u00e0n v\u00e0 d\u1ec5 d\u00e0ng.<\/p>\n\n\n\n<h3 class=\"wp-block-heading\">T\u1ea3i \u1ee8ng D\u1ee5ng T\u1eeb Trang Ch\u00ednh Th\u1ee9c<\/h3>\n\n\n\n<p>Lu\u00f4n t\u1ea3i RW88 t\u1eeb trang ch\u00ednh th\u1ee9c c\u1ee7a nh\u00e0 c\u00e1i \u0111\u1ec3 \u0111\u1ea3m b\u1ea3o t\u00ednh an to\u00e0n v\u00e0 tin c\u1eady. Tr\u00e1nh t\u1ea3i \u1ee9ng d\u1ee5ng t\u1eeb c\u00e1c ngu\u1ed3n kh\u00f4ng r\u00f5 ngu\u1ed3n g\u1ed1c ho\u1eb7c kh\u00f4ng \u0111\u01b0\u1ee3c ph\u00ea duy\u1ec7t.<\/p>\n\n\n\n<h3 class=\"wp-block-heading\">\u0110\u1ea3m B\u1ea3o K\u1ebft N\u1ed1i Internet \u1ed4n \u0110\u1ecbnh<\/h3>\n\n\n\n<p>Tr\u01b0\u1edbc khi t\u1ea3i v\u00e0 s\u1eed d\u1ee5ng \u1ee9ng d\u1ee5ng, h\u00e3y \u0111\u1ea3m b\u1ea3o r\u1eb1ng b\u1ea1n c\u00f3 k\u1ebft n\u1ed1i internet \u1ed5n \u0111\u1ecbnh. M\u1ea5t k\u1ebft n\u1ed1i trong qu\u00e1 tr\u00ecnh t\u1ea3i \u1ee9ng d\u1ee5ng c\u00f3 th\u1ec3 g\u00e2y l\u1ed7i ho\u1eb7c gi\u00e1n \u0111o\u1ea1n qu\u00e1 tr\u00ecnh t\u1ea3i v\u1ec1.<\/p>\n\n\n\n<h3 class=\"wp-block-heading\">C\u00e0i \u0110\u1eb7t T\u1eeb Ngu\u1ed3n Kh\u00f4ng X\u00e1c \u0110\u1ecbnh<\/h3>\n\n\n\n<p>Tr\u00ean c\u00e1c thi\u1ebft b\u1ecb Android, b\u1ea1n c\u00f3 th\u1ec3 c\u1ea7n cho ph\u00e9p c\u00e0i \u0111\u1eb7t t\u1eeb \u201cNgu\u1ed3n kh\u00f4ng x\u00e1c \u0111\u1ecbnh\u201d trong c\u00e0i \u0111\u1eb7t thi\u1ebft b\u1ecb tr\u01b0\u1edbc khi c\u00e0i \u1ee9ng d\u1ee5ng RW88. \u0110i\u1ec1u n\u00e0y \u0111\u1ea3m b\u1ea3o b\u1ea1n c\u00f3 quy\u1ec1n c\u00e0i \u0111\u1eb7t \u1ee9ng d\u1ee5ng t\u1eeb ngo\u00e0i c\u1eeda h\u00e0ng \u1ee9ng d\u1ee5ng ch\u00ednh th\u1ed1ng.<\/p>\n\n\n\n<h3 class=\"wp-block-heading\">X\u00e1c Th\u1ef1c T\u00e0i Kho\u1ea3n<\/h3>\n\n\n\n<p>Sau khi c\u00e0i \u0111\u1eb7t, h\u00e3y \u0111\u1ea3m b\u1ea3o x\u00e1c th\u1ef1c t\u00e0i kho\u1ea3n c\u1ee7a b\u1ea1n m\u1ed9t c\u00e1ch ch\u00ednh x\u00e1c. \u0110i\u1ec1n th\u00f4ng tin c\u00e1 nh\u00e2n \u0111\u00fang v\u00e0 kh\u00f4ng ti\u1ebft l\u1ed9 m\u1eadt kh\u1ea9u cho ng\u01b0\u1eddi kh\u00e1c.<\/p>\n\n\n\n<h3 class=\"wp-block-heading\">C\u1eadp Nh\u1eadt Th\u01b0\u1eddng Xuy\u00ean<\/h3>\n\n\n\n<p>H\u00e3y \u0111\u1ea3m b\u1ea3o r\u1eb1ng b\u1ea1n lu\u00f4n c\u1eadp nh\u1eadt \u1ee9ng d\u1ee5ng RW88 l\u00ean phi\u00ean b\u1ea3n m\u1edbi nh\u1ea5t \u0111\u1ec3 \u0111\u1ea3m b\u1ea3o t\u00ednh b\u1ea3o m\u1eadt v\u00e0 hi\u1ec7u su\u1ea5t t\u1ed1t nh\u1ea5t.<\/p>\n\n\n\n<h3 class=\"wp-block-heading\">B\u1ea3o M\u1eadt V\u00e0 Quy\u1ec1n Ri\u00eang T\u01b0<\/h3>\n\n\n\n<p>Th\u01b0\u1eddng xuy\u00ean ki\u1ec3m tra c\u00e0i \u0111\u1eb7t b\u1ea3o m\u1eadt v\u00e0 quy\u1ec1n ri\u00eang t\u01b0 tr\u00ean thi\u1ebft b\u1ecb c\u1ee7a b\u1ea1n \u0111\u1ec3 \u0111\u1ea3m b\u1ea3o r\u1eb1ng d\u1eef li\u1ec7u c\u00e1 nh\u00e2n c\u1ee7a b\u1ea1n \u0111\u01b0\u1ee3c b\u1ea3o v\u1ec7.<\/p>\n\n\n\n<h3 class=\"wp-block-heading\">Kh\u00f4ng T\u1ea3i T\u1eeb C\u00e1c Ngu\u1ed3n Kh\u00f4ng An To\u00e0n<\/h3>\n\n\n\n<p>Tr\u00e1nh t\u1ea3i RW88 \u1ee9ng d\u1ee5ng t\u1eeb c\u00e1c ngu\u1ed3n kh\u00f4ng an to\u00e0n, bao g\u1ed3m c\u00e1c trang web ho\u1eb7c li\u00ean k\u1ebft kh\u00f4ng ch\u00ednh th\u1ee9c.<\/p>\n\n\n\n<h3 class=\"wp-block-heading\">T\u00e0i Kho\u1ea3n C\u00e1 Nh\u00e2n<\/h3>\n\n\n\n<p>S\u1eed d\u1ee5ng t\u00e0i kho\u1ea3n c\u00e1 nh\u00e2n c\u1ee7a b\u1ea1n \u0111\u1ec3 \u0111\u0103ng nh\u1eadp v\u00e0o \u1ee9ng d\u1ee5ng RW88 v\u00e0 \u0111\u1eebng s\u1eed d\u1ee5ng t\u00e0i kho\u1ea3n c\u1ee7a ng\u01b0\u1eddi kh\u00e1c.<\/p>\n\n\n\n<p>Tu\u00e2n th\u1ee7 nh\u1eefng l\u01b0u \u00fd n\u00e0y s\u1ebd gi\u00fap b\u1ea1n tr\u1ea3i nghi\u1ec7m vi\u1ec7c t\u1ea3i v\u00e0 s\u1eed d\u1ee5ng \u1ee9ng d\u1ee5ng RW88 m\u1ed9t c\u00e1ch an to\u00e0n v\u00e0 thu\u1eadn l\u1ee3i, \u0111\u1ec3 b\u1ea1n c\u00f3 th\u1ec3 tham gia v\u00e0o th\u1ebf gi\u1edbi c\u00e1 c\u01b0\u1ee3c tr\u1ef1c tuy\u1ebfn m\u1ed9t c\u00e1ch t\u1ef1 tin.<\/p>\n\n\n\n<h2 class=\"wp-block-heading\">L\u1eddi k\u1ebft<\/h2>\n\n\n\n<p>Vi\u1ec7c t\u1ea3i RW88 kh\u00f4ng ch\u1ec9 m\u1edf ra m\u1ed9t c\u00e1nh c\u1eeda \u0111\u1ebfn th\u1ebf gi\u1edbi c\u00e1 c\u01b0\u1ee3c tr\u1ef1c tuy\u1ebfn \u0111a d\u1ea1ng, m\u00e0 c\u00f2n \u0111\u00e1nh d\u1ea5u s\u1ef1 k\u1ebft n\u1ed1i gi\u1eefa b\u1ea1n v\u00e0 s\u1ef1 ti\u1ec7n l\u1ee3i, h\u1ee9a h\u1eb9n nhi\u1ec1u ni\u1ec1m vui v\u00e0 th\u1eed th\u00e1ch. Ch\u00fang t\u00f4i mong mu\u1ed1n r\u1eb1ng b\u1ea1n \u0111\u00e3 t\u00ecm th\u1ea5y h\u01b0\u1edbng d\u1eabn t\u1ea3i \u1ee9ng d\u1ee5ng n\u00e0y h\u1eefu \u00edch v\u00e0 c\u00f3 th\u1ec3 b\u1eaft \u0111\u1ea7u h\u00e0nh tr\u00ecnh c\u00e1 c\u01b0\u1ee3c c\u1ee7a m\u00ecnh m\u1ed9t c\u00e1ch t\u1ef1 tin.<\/p>\n\n\n\n<p>Ch\u00fang t\u00f4i mong mu\u1ed1n b\u1ea1n c\u00f3 m\u1ed9t tr\u1ea3i nghi\u1ec7m c\u00e1 c\u01b0\u1ee3c th\u00fa v\u1ecb v\u00e0 th\u1ecbnh h\u00e0nh t\u1ea1i RW88. \u0110\u1eebng ng\u1ea7n ng\u1ea1i b\u1eaft \u0111\u1ea7u h\u00e0nh tr\u00ecnh c\u00e1 c\u01b0\u1ee3c c\u1ee7a b\u1ea1n v\u00e0 hy v\u1ecdng b\u1ea1n t\u1eadn h\u01b0\u1edfng nh\u1eefng kho\u1ea3nh kh\u1eafc h\u00e0o ph\u00f3ng v\u00e0 th\u1eafng l\u1edbn t\u1ea1i \u0111\u00e2y.<\/p>\n","protected":false},"excerpt":{"rendered":"<p>T\u1ea3i RW88 \u2013 Th\u00eam Nhi\u1ec1u L\u1ef1a Ch\u1ecdn \u0110\u1ec3 Tr\u1ea3i Nghi\u1ec7m C\u00e1 C\u01b0\u1ee3c Trong th\u1eddi \u0111\u1ea1i k\u1ef9 thu\u1eadt s\u1ed1, vi\u1ec7c tham gia v\u00e0o tr\u1ea3i nghi\u1ec7m c\u00e1 c\u01b0\u1ee3c tr\u1ef1c tuy\u1ebfn kh\u00f4ng c\u00f2n ch\u1ec9 gi\u1edbi h\u1ea1n \u1edf vi\u1ec7c truy c\u1eadp t\u1eeb m\u00e1y t\u00ednh. Ng\u00e0y nay, b\u1ea1n c\u00f3 th\u1ec3 t\u1eadn h\u01b0\u1edfng c\u00e1c tr\u00f2 ch\u01a1i v\u00e0 c\u00e1 c\u01b0\u1ee3c t\u1eeb thi\u1ebft [&#8230;]\n","protected":false},"author":1,"featured_media":60,"parent":0,"menu_order":0,"comment_status":"closed","ping_status":"closed","template":"","meta":{"rank_math_lock_modified_date":false,"footnotes":""},"class_list":["post-16","page","type-page","status-publish","has-post-thumbnail","hentry"],"_links":{"self":[{"href":"https:\/\/rw88.pro\/index.php\/wp-json\/wp\/v2\/pages\/16","targetHints":{"allow":["GET"]}}],"collection":[{"href":"https:\/\/rw88.pro\/index.php\/wp-json\/wp\/v2\/pages"}],"about":[{"href":"https:\/\/rw88.pro\/index.php\/wp-json\/wp\/v2\/types\/page"}],"author":[{"embeddable":true,"href":"https:\/\/rw88.pro\/index.php\/wp-json\/wp\/v2\/users\/1"}],"replies":[{"embeddable":true,"href":"https:\/\/rw88.pro\/index.php\/wp-json\/wp\/v2\/comments?post=16"}],"version-history":[{"count":2,"href":"https:\/\/rw88.pro\/index.php\/wp-json\/wp\/v2\/pages\/16\/revisions"}],"predecessor-version":[{"id":69,"href":"https:\/\/rw88.pro\/index.php\/wp-json\/wp\/v2\/pages\/16\/revisions\/69"}],"wp:featuredmedia":[{"embeddable":true,"href":"https:\/\/rw88.pro\/index.php\/wp-json\/wp\/v2\/media\/60"}],"wp:attachment":[{"href":"https:\/\/rw88.pro\/index.php\/wp-json\/wp\/v2\/media?parent=16"}],"curies":[{"name":"wp","href":"https:\/\/api.w.org\/{rel}","templated":true}]}}